{"id":964,"date":"2017-04-25T13:59:12","date_gmt":"2017-04-25T13:59:12","guid":{"rendered":"https:\/\/homegrid.thisfunctional.pt\/home\/"},"modified":"2025-01-08T17:14:06","modified_gmt":"2025-01-08T17:14:06","slug":"home","status":"publish","type":"page","link":"https:\/\/homegrid.pt\/en\/","title":{"rendered":"Home"},"content":{"rendered":"<p><section class=\"kc-elm kc-css-570348 kc_row\"><div class=\"kc-row-container\"><div class=\"kc-wrap-columns\"><div class=\"kc-elm kc-css-385502 kc_col-sm-12 kc_column kc_col-sm-12\"><div class=\"kc-col-container\">\n\t<!--Start rev slider wrapper-->     \n\t<section class=\"rev_slider_wrapper\">\n\t\n\t\t\n\t\t\t<!-- START Home en REVOLUTION SLIDER 6.3.9 --><p class=\"rs-p-wp-fix\"><\/p>\n\t\t\t<rs-module-wrap id=\"rev_slider_5_1_wrapper\" data-source=\"gallery\" style=\"background:transparent;padding:0;margin:0px auto;margin-top:0;margin-bottom:0;\">\n\t\t\t\t<rs-module id=\"rev_slider_5_1\" style=\"\" data-version=\"6.3.9\">\n\t\t\t\t\t<rs-slides>\n\t\t\t\t\t\t<rs-slide data-key=\"rs-13\" data-title=\"Slide\" data-anim=\"ei:d;eo:d;s:600;r:0;t:fade;sl:d;\">\n\t\t\t\t\t\t\t<img loading=\"lazy\" decoding=\"async\" src=\"\/\/homegrid.pt\/wp-content\/uploads\/2021\/08\/01_img_home_page.jpg\" title=\"01_img_home_page\" width=\"1920\" height=\"1280\" data-bg=\"p:0% 40%;\" class=\"rev-slidebg\" data-no-retina>\n<!--\n\t\t\t\t\t\t\t--><rs-layer\n\t\t\t\t\t\t\t\tid=\"slider-5-slide-13-layer-10\" \n\t\t\t\t\t\t\t\tdata-type=\"text\"\n\t\t\t\t\t\t\t\tdata-rsp_ch=\"on\"\n\t\t\t\t\t\t\t\tdata-xy=\"x:l,l,c,c;xo:100px,37px,0,4px;yo:38px,205px,26px,61px;\"\n\t\t\t\t\t\t\t\tdata-text=\"w:normal;s:65,49,60,30;l:75,56,70,43;a:left,left,center,center;\"\n\t\t\t\t\t\t\t\tdata-frame_0=\"y:-100%;\"\n\t\t\t\t\t\t\t\tdata-frame_0_mask=\"u:t;\"\n\t\t\t\t\t\t\t\tdata-frame_1=\"e:power4.inOut;sp:1500;\"\n\t\t\t\t\t\t\t\tdata-frame_1_mask=\"u:t;\"\n\t\t\t\t\t\t\t\tdata-frame_999=\"o:0;st:w;\"\n\t\t\t\t\t\t\t\tstyle=\"z-index:8;font-family:Roboto Slab;text-transform:uppercase;\"\n\t\t\t\t\t\t\t>Let's build the future<br>we want! \n\t\t\t\t\t\t\t<\/rs-layer><!--\n\n\t\t\t\t\t\t\t--><a\n\t\t\t\t\t\t\t\tid=\"slider-5-slide-13-layer-12\" \n\t\t\t\t\t\t\t\tclass=\"rs-layer rev-btn\"\n\t\t\t\t\t\t\t\thref=\"\/en\/services\/passive-house-concept\/\" target=\"_self\"\n\t\t\t\t\t\t\t\tdata-type=\"button\"\n\t\t\t\t\t\t\t\tdata-rsp_ch=\"on\"\n\t\t\t\t\t\t\t\tdata-xy=\"x:l,l,c,c;xo:100px,36px,0,0;y:b;yo:27px,20px,25px,14px;\"\n\t\t\t\t\t\t\t\tdata-text=\"w:normal;s:14,14,16,16;l:24,30,40,45;a:center;\"\n\t\t\t\t\t\t\t\tdata-dim=\"w:160px,160px,170px,165px;h:50px,45px,55px,55px;minh:0px,none,none,none;\"\n\t\t\t\t\t\t\t\tdata-padding=\"t:12,9,7,4;r:35,27,21,13;b:12,9,7,4;l:35,27,21,13;\"\n\t\t\t\t\t\t\t\tdata-border=\"bos:solid;boc:#8dc63f;bow:1px,1px,1px,1px;bor:25px,25px,25px,25px;\"\n\t\t\t\t\t\t\t\tdata-frame_0=\"x:-175%;o:1;\"\n\t\t\t\t\t\t\t\tdata-frame_0_mask=\"u:t;x:100%;\"\n\t\t\t\t\t\t\t\tdata-frame_1=\"e:power4.inOut;sp:2500;\"\n\t\t\t\t\t\t\t\tdata-frame_1_mask=\"u:t;\"\n\t\t\t\t\t\t\t\tdata-frame_999=\"o:0;st:w;\"\n\t\t\t\t\t\t\t\tdata-frame_hover=\"c:#8dc63f;bgc:rgba(0,122,255,0);boc:#8dc63f;bor:25px,25px,25px,25px;bos:solid;bow:1px,1px,1px,1px;bri:120%;\"\n\t\t\t\t\t\t\t\tstyle=\"z-index:10;background-color:#8dc63f;font-family:Roboto;\"\n\t\t\t\t\t\t\t>Services \n\t\t\t\t\t\t\t<\/a><!--\n-->\t\t\t\t\t\t<\/rs-slide>\n\t\t\t\t\t<\/rs-slides>\n\t\t\t\t<\/rs-module>\n\t\t\t\t<script type=\"text\/javascript\">\n\t\t\t\t\tsetREVStartSize({c: 'rev_slider_5_1',rl:[1240,1024,778,480],el:[500,500,500,500],gw:[1349,1024,778,480],gh:[500,500,500,500],type:'standard',justify:'',layout:'fullwidth',mh:\"0\"});\n\t\t\t\t\tvar\trevapi5,\n\t\t\t\t\t\ttpj;\n\t\t\t\t\tfunction revinit_revslider51() {\n\t\t\t\t\tjQuery(function() {\n\t\t\t\t\t\ttpj = jQuery;\n\t\t\t\t\t\trevapi5 = tpj(\"#rev_slider_5_1\");\n\t\t\t\t\t\tif(revapi5==undefined || revapi5.revolution == undefined){\n\t\t\t\t\t\t\trevslider_showDoubleJqueryError(\"rev_slider_5_1\");\n\t\t\t\t\t\t}else{\n\t\t\t\t\t\t\trevapi5.revolution({\n\t\t\t\t\t\t\t\tsliderLayout:\"fullwidth\",\n\t\t\t\t\t\t\t\tvisibilityLevels:\"1240,1024,778,480\",\n\t\t\t\t\t\t\t\tgridwidth:\"1349,1024,778,480\",\n\t\t\t\t\t\t\t\tgridheight:\"500,500,500,500\",\n\t\t\t\t\t\t\t\tperspective:600,\n\t\t\t\t\t\t\t\tperspectiveType:\"local\",\n\t\t\t\t\t\t\t\teditorheight:\"500,500,500,500\",\n\t\t\t\t\t\t\t\tresponsiveLevels:\"1240,1024,778,480\",\n\t\t\t\t\t\t\t\tprogressBar:{disableProgressBar:true},\n\t\t\t\t\t\t\t\tfallbacks: {\n\t\t\t\t\t\t\t\t\tallowHTML5AutoPlayOnAndroid:true\n\t\t\t\t\t\t\t\t},\n\t\t\t\t\t\t\t});\n\t\t\t\t\t\t}\n\t\t\t\t\t\t\n\t\t\t\t\t});\n\t\t\t\t\t} \/\/ End of RevInitScript\n\t\t\t\tvar once_revslider51 = false;\n\t\t\t\tif (document.readyState === \"loading\") {document.addEventListener('readystatechange',function() { if((document.readyState === \"interactive\" || document.readyState === \"complete\") && !once_revslider51 ) { once_revslider51 = true; revinit_revslider51();}});} else {once_revslider51 = true; revinit_revslider51();}\n\t\t\t\t<\/script>\n\t\t\t<\/rs-module-wrap>\n\t\t\t<!-- END REVOLUTION SLIDER -->\n\t\n\t<\/section>\n\t<!--End Main Slider-->\n\n<\/div><\/div><\/div><\/div><\/section><section data-kc-fullwidth=\"row\" class=\"kc-elm kc-css-823800 kc_row\"><div class=\"kc-row-container  kc-container  imageBackground\"><div class=\"kc-wrap-columns\"><div class=\"kc-elm kc-css-867974 kc_col-sm-12 kc_column kc_col-sm-12\"><div class=\"kc-col-container\"><div class=\"kc-elm kc-css-189308 kc_text_block\"><\/p>\n<div class=\"homepage_image background_true\">\n<div class=\"homepage_image_wrapper\">\n<h2>Passive House Design<\/h2>\n<div class=\"extra\">\n            <!-- <a href=\"\/en\/services\/passive-house-design\/\">Learn more<\/a> -->\n         <\/div>\n<\/p><\/div>\n<\/p><\/div>\n<p>\n<\/div><\/div><\/div><\/div><\/div><\/section><section data-kc-fullwidth=\"content\" class=\"kc-elm kc-css-787972 kc_row\"><div class=\"kc-row-container\"><div class=\"kc-wrap-columns\"><div class=\"kc-elm kc-css-103640 kc_col-sm-12 kc_column kc_col-sm-12\"><div class=\"kc-col-container\">\n<div class=\"kc-elm kc-css-973939\">\n\t<a class=\"kc_button\" href=\"\/en\/services\/passive-house-concept\/\" target=\"_self\" title=\"\" onclick=\"\">\n\t\tLearn more\t<\/a>\n<\/div>\n<\/div><\/div><\/div><\/div><\/section><section data-kc-fullwidth=\"content\" class=\"kc-elm kc-css-720178 kc_row\"><div class=\"kc-row-container\"><div class=\"kc-wrap-columns\"><div class=\"kc-elm kc-css-441320 kc_col-sm-12 kc_column kc_col-sm-12\"><div class=\"kc-col-container\"><div class=\"kc-elm kc-css-53167 kc-animated kc-animate-eff-fadeInRight kc_text_block\"><\/p>\n<p><span style=\"color: #303030;\">\u00a9 Gon\u00e7alo Miller &#8211; www.goncalomiller.com<\/span><\/p>\n<p>\n<\/div><\/div><\/div><\/div><\/div><\/section><section data-kc-fullwidth=\"row\" class=\"kc-elm kc-css-468165 kc_row\"><div class=\"kc-row-container  kc-container  imageBackground\"><div class=\"kc-wrap-columns\"><div class=\"kc-elm kc-css-826378 kc_col-sm-12 kc_column kc_col-sm-12\"><div class=\"kc-col-container\"><div class=\"kc-elm kc-css-103890 kc_text_block\"><\/p>\n<div class=\"homepage_image background_true\">\n<div class=\"homepage_image_wrapper\">\n<h2>Passive House Consulting<\/h2>\n<div class=\"extra\">\n            <!-- <a href=\"\/en\/services\/passive-house-consulting\/\">Learn more<\/a> -->\n         <\/div>\n<\/p><\/div>\n<\/p><\/div>\n<p>\n<\/div><\/div><\/div><\/div><\/div><\/section><section data-kc-fullwidth=\"content\" class=\"kc-elm kc-css-141036 kc_row\"><div class=\"kc-row-container\"><div class=\"kc-wrap-columns\"><div class=\"kc-elm kc-css-590238 kc_col-sm-12 kc_column kc_col-sm-12\"><div class=\"kc-col-container\">\n<div class=\"kc-elm kc-css-433963\">\n\t<a class=\"kc_button\" href=\"\/en\/services\/passive-house-consulting\/\" target=\"_self\" title=\"\" onclick=\"\">\n\t\tLearn more\t<\/a>\n<\/div>\n<\/div><\/div><\/div><\/div><\/section><section data-kc-fullwidth=\"row\" class=\"kc-elm kc-css-577547 kc_row\"><div class=\"kc-row-container  kc-container  imageBackground\"><div class=\"kc-wrap-columns\"><div class=\"kc-elm kc-css-9435 kc_col-sm-12 kc_column kc_col-sm-12\"><div class=\"kc-col-container\"><div class=\"kc-elm kc-css-888705 kc_text_block\"><\/p>\n<div class=\"homepage_image background_true\">\n<div class=\"homepage_image_wrapper\">\n<h2>Passive House Certification<\/h2>\n<div class=\"extra\">\n            <!-- <a href=\"\/en\/services\/passive-house-certification\/\">Learn more<\/a> -->\n         <\/div>\n<\/p><\/div>\n<\/p><\/div>\n<p>\n<\/div><\/div><\/div><\/div><\/div><\/section><section data-kc-fullwidth=\"content\" class=\"kc-elm kc-css-708795 kc_row\"><div class=\"kc-row-container\"><div class=\"kc-wrap-columns\"><div class=\"kc-elm kc-css-451879 kc_col-sm-12 kc_column kc_col-sm-12\"><div class=\"kc-col-container\">\n<div class=\"kc-elm kc-css-688986\">\n\t<a class=\"kc_button\" href=\"\/en\/services\/passive-house-certification\/\" target=\"_self\" title=\"\" onclick=\"\">\n\t\tLearn more\t<\/a>\n<\/div>\n<\/div><\/div><\/div><\/div><\/section><section data-kc-fullwidth=\"row\" class=\"kc-elm kc-css-429478 kc_row\"><div class=\"kc-row-container  kc-container  imageBackground\"><div class=\"kc-wrap-columns\"><div class=\"kc-elm kc-css-549016 kc_col-sm-12 kc_column kc_col-sm-12\"><div class=\"kc-col-container\"><div class=\"kc-elm kc-css-608159 kc_text_block\"><\/p>\n<div class=\"homepage_image background_false\">\n<div class=\"homepage_image_wrapper\">\n<h2>Training &amp; Events<\/h2>\n<div class=\"extra\">\n            <!-- <a href=\"\/en\/services\/training-events\/\">Learn more<\/a> -->\n         <\/div>\n<\/p><\/div>\n<\/p><\/div>\n<p>\n<\/div><div class=\"kc-elm kc-css-466724 kc_row kc_row_inner\"><div class=\"kc-elm kc-css-796109 kc_col-of-5 kc_column_inner kc_col-of-5\"><div class=\"kc_wrapper kc-col-inner-container\"><div class=\"kc-elm kc-css-564902 kc_shortcode kc_single_image\">\n\n        <a  href=\"http:\/\/passivhaus.pt\/events-2-Certified-Passive-House-Designer\" title=\"\" target=\"_self\">\n        <img decoding=\"async\" src=\"https:\/\/homegrid.pt\/wp-content\/uploads\/2021\/07\/formacao_CPHD.0001.download.jpg\" class=\"formacao_image\" alt=\"\" \/>    <\/a>\n    <\/div>\n<\/div><\/div><div class=\"kc-elm kc-css-9684 kc_col-of-5 kc_column_inner kc_col-of-5\"><div class=\"kc_wrapper kc-col-inner-container\"><div class=\"kc-elm kc-css-171050 kc_shortcode kc_single_image\">\n\n        <a  href=\"http:\/\/passivhaus.pt\/events-1-Certified-Passive-House-Tradesperson\" title=\"\" target=\"_self\">\n        <img decoding=\"async\" src=\"https:\/\/homegrid.pt\/wp-content\/uploads\/2021\/09\/certified_phouse_tradesperso.png\" class=\"formacao_image\" alt=\"\" \/>    <\/a>\n    <\/div>\n<\/div><\/div><div class=\"kc-elm kc-css-891358 kc_col-of-5 kc_column_inner kc_col-of-5\"><div class=\"kc_wrapper kc-col-inner-container\"><div class=\"kc-elm kc-css-757403 kc_shortcode kc_single_image\">\n\n        <a  href=\"http:\/\/passivhaus.pt\/events-3-Passive-House-edif\u00edcios-saud\u00e1veis,-cidades-sustent\u00e1veis\" title=\"\" target=\"_self\">\n        <img decoding=\"async\" src=\"https:\/\/homegrid.pt\/wp-content\/uploads\/2021\/07\/SeminariosPH.png\" class=\"formacao_image\" alt=\"\" \/>    <\/a>\n    <\/div>\n<\/div><\/div><div class=\"kc-elm kc-css-730210 kc_col-of-5 kc_column_inner kc_col-of-5\"><div class=\"kc_wrapper kc-col-inner-container\"><div class=\"kc-elm kc-css-61228 kc_shortcode kc_single_image\">\n\n        <a  href=\"http:\/\/passivhaus.pt\/conference?m=6\" title=\"\" target=\"_self\">\n        <img decoding=\"async\" src=\"https:\/\/homegrid.pt\/wp-content\/uploads\/2021\/07\/ConferenciaPH.png\" class=\"formacao_image\" alt=\"\" \/>    <\/a>\n    <\/div>\n<\/div><\/div><div class=\"kc-elm kc-css-235230 kc_col-of-5 kc_column_inner kc_col-of-5\"><div class=\"kc_wrapper kc-col-inner-container\"><div class=\"kc-elm kc-css-769723 kc_shortcode kc_single_image\">\n\n        <a  href=\"http:\/\/passivhaus.pt\/events-4-Workshops-Passive-House\" title=\"\" target=\"_self\">\n        <img decoding=\"async\" src=\"https:\/\/homegrid.pt\/wp-content\/uploads\/2021\/07\/workshopsPH.png\" class=\"formacao_image\" alt=\"\" \/>    <\/a>\n    <\/div>\n<\/div><\/div><\/div><\/div><\/div><\/div><\/div><\/section><section data-kc-fullwidth=\"row\" class=\"kc-elm kc-css-889881 kc_row\"><div class=\"kc-row-container  kc-container  imageBackground\"><div class=\"kc-wrap-columns\"><div class=\"kc-elm kc-css-997663 kc_col-sm-12 kc_column kc_col-sm-12\"><div class=\"kc-col-container\"><div class=\"kc-elm kc-css-609071 kc_text_block\"><\/p>\n<div class=\"homepage_image background_true\">\n<div class=\"homepage_image_wrapper\">\n<h2><img decoding=\"async\" src=\"\/wp-content\/uploads\/2021\/07\/05_WefiBuilding.png\"><\/h2>\n<div class=\"extra\">\n            <!-- <a href=\"\/en\/services\/wefi-building\/\">Learn more<\/a> -->\n         <\/div>\n<\/p><\/div>\n<\/p><\/div>\n<p>\n<\/div><\/div><\/div><\/div><\/div><\/section><section data-kc-fullwidth=\"content\" class=\"kc-elm kc-css-249915 kc_row\"><div class=\"kc-row-container\"><div class=\"kc-wrap-columns\"><div class=\"kc-elm kc-css-633597 kc_col-sm-12 kc_column kc_col-sm-12\"><div class=\"kc-col-container\">\n<div class=\"kc-elm kc-css-73522\">\n\t<a class=\"kc_button\" href=\"\/en\/services\/wefi-building\/\" target=\"_self\" title=\"\" onclick=\"\">\n\t\tLearn more\t<\/a>\n<\/div>\n<\/div><\/div><\/div><\/div><\/section><section class=\"kc-elm kc-css-300210 kc_row\"><div class=\"kc-row-container  kc-container\"><div class=\"kc-wrap-columns\"><div class=\"kc-elm kc-css-199711 kc_col-sm-6 kc_column kc_col-sm-6\"><div class=\"kc-col-container\"><div class=\"kc-elm kc-css-341093 kc-raw-code\"><iframe loading=\"lazy\" src=\"https:\/\/www.facebook.com\/plugins\/page.php?href=https%3A%2F%2Fwww.facebook.com%2Fhomegrid.pt&tabs=timeline&width=340&height=500&small_header=false&adapt_container_width=true&hide_cover=false&show_facepile=true&appId\" width=\"340\" height=\"500\" style=\"border:none;overflow:hidden\" scrolling=\"no\" frameborder=\"0\" allowfullscreen=\"true\" allow=\"autoplay; clipboard-write; encrypted-media; picture-in-picture; web-share\"><\/iframe><\/div><\/div><\/div><div class=\"kc-elm kc-css-871811 kc_col-sm-6 kc_column kc_col-sm-6\"><div class=\"kc-col-container\"><div class=\"kc-elm kc-css-506946 kc_text_block\"><\/p>\n<p><a class=\"twitter-timeline\" href=\"https:\/\/twitter.com\/Homegrid_pt?ref_src=twsrc%5Etfw\" data-lang=\"pt\" data-width=\"340\" data-height=\"500\">Tweets by Homegrid_pt<\/a> <script async src=\"https:\/\/platform.twitter.com\/widgets.js\" charset=\"utf-8\"><\/script><\/p>\n<p>\n<\/div><\/div><\/div><\/div><\/div><\/section><\/p>\n","protected":false},"excerpt":{"rendered":"","protected":false},"author":3,"featured_media":0,"parent":0,"menu_order":0,"comment_status":"closed","ping_status":"closed","template":"tpl-king_composer.php","meta":{"footnotes":""},"class_list":["post-964","page","type-page","status-publish","hentry"],"yoast_head":"<!-- This site is optimized with the Yoast SEO plugin v27.0 - https:\/\/yoast.com\/product\/yoast-seo-wordpress\/ -->\n<title>Home - Homegrid<\/title>\n<meta name=\"robots\" content=\"index, follow, max-snippet:-1, max-image-preview:large, max-video-preview:-1\" \/>\n<link rel=\"canonical\" href=\"https:\/\/homegrid.pt\/en\/\" \/>\n<meta property=\"og:locale\" content=\"en_US\" \/>\n<meta property=\"og:type\" content=\"article\" \/>\n<meta property=\"og:title\" content=\"Home - Homegrid\" \/>\n<meta property=\"og:description\" content=\"Passive House Design Learn more \u00a9 Gon\u00e7alo Miller &#8211; www.goncalomiller.com Passive House Consulting Learn more Passive House Certification Learn more Training &amp; Events Learn more\" \/>\n<meta property=\"og:url\" content=\"https:\/\/homegrid.pt\/en\/\" \/>\n<meta property=\"og:site_name\" content=\"Homegrid\" \/>\n<meta property=\"article:publisher\" content=\"https:\/\/www.facebook.com\/homegrid.pt\/\" \/>\n<meta property=\"article:modified_time\" content=\"2025-01-08T17:14:06+00:00\" \/>\n<meta property=\"og:image\" content=\"https:\/\/homegrid.pt\/wp-content\/uploads\/2021\/07\/formacao_CPHD.0001.download.jpg\" \/>\n<meta name=\"twitter:card\" content=\"summary_large_image\" \/>\n<meta name=\"twitter:site\" content=\"@Homegrid_pt\" \/>\n<meta name=\"twitter:label1\" content=\"Est. reading time\" \/>\n\t<meta name=\"twitter:data1\" content=\"2 minutes\" \/>\n<script type=\"application\/ld+json\" class=\"yoast-schema-graph\">{\"@context\":\"https:\/\/schema.org\",\"@graph\":[{\"@type\":\"WebPage\",\"@id\":\"https:\/\/homegrid.pt\/en\/\",\"url\":\"https:\/\/homegrid.pt\/en\/\",\"name\":\"Home - Homegrid\",\"isPartOf\":{\"@id\":\"https:\/\/homegrid.pt\/en\/#website\"},\"primaryImageOfPage\":{\"@id\":\"https:\/\/homegrid.pt\/en\/#primaryimage\"},\"image\":{\"@id\":\"https:\/\/homegrid.pt\/en\/#primaryimage\"},\"thumbnailUrl\":\"https:\/\/homegrid.pt\/wp-content\/uploads\/2021\/07\/formacao_CPHD.0001.download.jpg\",\"datePublished\":\"2017-04-25T13:59:12+00:00\",\"dateModified\":\"2025-01-08T17:14:06+00:00\",\"breadcrumb\":{\"@id\":\"https:\/\/homegrid.pt\/en\/#breadcrumb\"},\"inLanguage\":\"en-US\",\"potentialAction\":[{\"@type\":\"ReadAction\",\"target\":[\"https:\/\/homegrid.pt\/en\/\"]}]},{\"@type\":\"ImageObject\",\"inLanguage\":\"en-US\",\"@id\":\"https:\/\/homegrid.pt\/en\/#primaryimage\",\"url\":\"https:\/\/homegrid.pt\/wp-content\/uploads\/2021\/07\/formacao_CPHD.0001.download.jpg\",\"contentUrl\":\"https:\/\/homegrid.pt\/wp-content\/uploads\/2021\/07\/formacao_CPHD.0001.download.jpg\"},{\"@type\":\"BreadcrumbList\",\"@id\":\"https:\/\/homegrid.pt\/en\/#breadcrumb\",\"itemListElement\":[{\"@type\":\"ListItem\",\"position\":1,\"name\":\"In\u00edcio\",\"item\":\"https:\/\/homegrid.pt\/en\/\"},{\"@type\":\"ListItem\",\"position\":2,\"name\":\"Home\"}]},{\"@type\":\"WebSite\",\"@id\":\"https:\/\/homegrid.pt\/en\/#website\",\"url\":\"https:\/\/homegrid.pt\/en\/\",\"name\":\"Homegrid\",\"description\":\"Vamos construir  o futuro que queremos!\",\"publisher\":{\"@id\":\"https:\/\/homegrid.pt\/en\/#organization\"},\"potentialAction\":[{\"@type\":\"SearchAction\",\"target\":{\"@type\":\"EntryPoint\",\"urlTemplate\":\"https:\/\/homegrid.pt\/en\/?s={search_term_string}\"},\"query-input\":{\"@type\":\"PropertyValueSpecification\",\"valueRequired\":true,\"valueName\":\"search_term_string\"}}],\"inLanguage\":\"en-US\"},{\"@type\":\"Organization\",\"@id\":\"https:\/\/homegrid.pt\/en\/#organization\",\"name\":\"Homegrid\",\"url\":\"https:\/\/homegrid.pt\/en\/\",\"logo\":{\"@type\":\"ImageObject\",\"inLanguage\":\"en-US\",\"@id\":\"https:\/\/homegrid.pt\/en\/#\/schema\/logo\/image\/\",\"url\":\"https:\/\/homegrid.pt\/wp-content\/uploads\/2021\/07\/logoHomegrid.png\",\"contentUrl\":\"https:\/\/homegrid.pt\/wp-content\/uploads\/2021\/07\/logoHomegrid.png\",\"width\":248,\"height\":45,\"caption\":\"Homegrid\"},\"image\":{\"@id\":\"https:\/\/homegrid.pt\/en\/#\/schema\/logo\/image\/\"},\"sameAs\":[\"https:\/\/www.facebook.com\/homegrid.pt\/\",\"https:\/\/x.com\/Homegrid_pt\"]}]}<\/script>\n<!-- \/ Yoast SEO plugin. -->","yoast_head_json":{"title":"Home - Homegrid","robots":{"index":"index","follow":"follow","max-snippet":"max-snippet:-1","max-image-preview":"max-image-preview:large","max-video-preview":"max-video-preview:-1"},"canonical":"https:\/\/homegrid.pt\/en\/","og_locale":"en_US","og_type":"article","og_title":"Home - Homegrid","og_description":"Passive House Design Learn more \u00a9 Gon\u00e7alo Miller &#8211; www.goncalomiller.com Passive House Consulting Learn more Passive House Certification Learn more Training &amp; Events Learn more","og_url":"https:\/\/homegrid.pt\/en\/","og_site_name":"Homegrid","article_publisher":"https:\/\/www.facebook.com\/homegrid.pt\/","article_modified_time":"2025-01-08T17:14:06+00:00","og_image":[{"url":"https:\/\/homegrid.pt\/wp-content\/uploads\/2021\/07\/formacao_CPHD.0001.download.jpg","type":"","width":"","height":""}],"twitter_card":"summary_large_image","twitter_site":"@Homegrid_pt","twitter_misc":{"Est. reading time":"2 minutes"},"schema":{"@context":"https:\/\/schema.org","@graph":[{"@type":"WebPage","@id":"https:\/\/homegrid.pt\/en\/","url":"https:\/\/homegrid.pt\/en\/","name":"Home - Homegrid","isPartOf":{"@id":"https:\/\/homegrid.pt\/en\/#website"},"primaryImageOfPage":{"@id":"https:\/\/homegrid.pt\/en\/#primaryimage"},"image":{"@id":"https:\/\/homegrid.pt\/en\/#primaryimage"},"thumbnailUrl":"https:\/\/homegrid.pt\/wp-content\/uploads\/2021\/07\/formacao_CPHD.0001.download.jpg","datePublished":"2017-04-25T13:59:12+00:00","dateModified":"2025-01-08T17:14:06+00:00","breadcrumb":{"@id":"https:\/\/homegrid.pt\/en\/#breadcrumb"},"inLanguage":"en-US","potentialAction":[{"@type":"ReadAction","target":["https:\/\/homegrid.pt\/en\/"]}]},{"@type":"ImageObject","inLanguage":"en-US","@id":"https:\/\/homegrid.pt\/en\/#primaryimage","url":"https:\/\/homegrid.pt\/wp-content\/uploads\/2021\/07\/formacao_CPHD.0001.download.jpg","contentUrl":"https:\/\/homegrid.pt\/wp-content\/uploads\/2021\/07\/formacao_CPHD.0001.download.jpg"},{"@type":"BreadcrumbList","@id":"https:\/\/homegrid.pt\/en\/#breadcrumb","itemListElement":[{"@type":"ListItem","position":1,"name":"In\u00edcio","item":"https:\/\/homegrid.pt\/en\/"},{"@type":"ListItem","position":2,"name":"Home"}]},{"@type":"WebSite","@id":"https:\/\/homegrid.pt\/en\/#website","url":"https:\/\/homegrid.pt\/en\/","name":"Homegrid","description":"Vamos construir  o futuro que queremos!","publisher":{"@id":"https:\/\/homegrid.pt\/en\/#organization"},"potentialAction":[{"@type":"SearchAction","target":{"@type":"EntryPoint","urlTemplate":"https:\/\/homegrid.pt\/en\/?s={search_term_string}"},"query-input":{"@type":"PropertyValueSpecification","valueRequired":true,"valueName":"search_term_string"}}],"inLanguage":"en-US"},{"@type":"Organization","@id":"https:\/\/homegrid.pt\/en\/#organization","name":"Homegrid","url":"https:\/\/homegrid.pt\/en\/","logo":{"@type":"ImageObject","inLanguage":"en-US","@id":"https:\/\/homegrid.pt\/en\/#\/schema\/logo\/image\/","url":"https:\/\/homegrid.pt\/wp-content\/uploads\/2021\/07\/logoHomegrid.png","contentUrl":"https:\/\/homegrid.pt\/wp-content\/uploads\/2021\/07\/logoHomegrid.png","width":248,"height":45,"caption":"Homegrid"},"image":{"@id":"https:\/\/homegrid.pt\/en\/#\/schema\/logo\/image\/"},"sameAs":["https:\/\/www.facebook.com\/homegrid.pt\/","https:\/\/x.com\/Homegrid_pt"]}]}},"_links":{"self":[{"href":"https:\/\/homegrid.pt\/en\/wp-json\/wp\/v2\/pages\/964","targetHints":{"allow":["GET"]}}],"collection":[{"href":"https:\/\/homegrid.pt\/en\/wp-json\/wp\/v2\/pages"}],"about":[{"href":"https:\/\/homegrid.pt\/en\/wp-json\/wp\/v2\/types\/page"}],"author":[{"embeddable":true,"href":"https:\/\/homegrid.pt\/en\/wp-json\/wp\/v2\/users\/3"}],"replies":[{"embeddable":true,"href":"https:\/\/homegrid.pt\/en\/wp-json\/wp\/v2\/comments?post=964"}],"version-history":[{"count":13,"href":"https:\/\/homegrid.pt\/en\/wp-json\/wp\/v2\/pages\/964\/revisions"}],"predecessor-version":[{"id":3953,"href":"https:\/\/homegrid.pt\/en\/wp-json\/wp\/v2\/pages\/964\/revisions\/3953"}],"wp:attachment":[{"href":"https:\/\/homegrid.pt\/en\/wp-json\/wp\/v2\/media?parent=964"}],"curies":[{"name":"wp","href":"https:\/\/api.w.org\/{rel}","templated":true}]}}