{"id":936,"date":"2017-04-27T08:06:58","date_gmt":"2017-04-27T07:06:58","guid":{"rendered":"https:\/\/homegrid.thisfunctional.pt\/servicos\/"},"modified":"2017-04-27T08:06:58","modified_gmt":"2017-04-27T07:06:58","slug":"servicos","status":"publish","type":"page","link":"https:\/\/homegrid.pt\/en\/servicos\/","title":{"rendered":"Servi\u00e7os"},"content":{"rendered":"<style type=\"text\/css\">@media only screen and (min-width: 1000px) and (max-width: 5000px){body.kc-css-system .kc-css-1691032{width: 25%;}body.kc-css-system .kc-css-4103713{width: 75%;}}<\/style>\n<section class=\"kc-elm kc-css-3836176 kc_row default-section sec-padd\">\n<div class=\"kc-row-container  kc-container\">\n<div class=\"kc-wrap-columns\">\n<div class=\"kc-elm kc-css-1691032 kc_col-sm-3 kc_column kc_col-sm-3 default-sidebar\">\n<div class=\"kc-col-container\">\n<div class=\"kc-elm kc-css-613046 widget-area kc-wp-sidebar\">\n<div id=\"text-2\" class=\"widget sidebar-widget widget_text\">\n<div class=\"textwidget\">\n<ul class=\"service-catergory\">\n<li><a href=\"https:\/\/homegrid.thisfunctional.pt\/services\/concecao-passive-house\/\">Conce\u00e7\u00e3o Passive House<\/a><\/li>\n<li><a href=\"https:\/\/homegrid.thisfunctional.pt\/services\/consultoria-passive-house\/\">Consultoria Passive House<\/a><\/li>\n<li><a href=\"https:\/\/homegrid.thisfunctional.pt\/services\/certificacao-passive-house\/\">Certifica\u00e7\u00e3o Passive House<\/a><\/li>\n<li><a href=\"https:\/\/homegrid.thisfunctional.pt\/services\/formacao-eventos\/\">Forma\u00e7\u00e3o &#038; Eventos<\/a><\/li>\n<li><a href=\"https:\/\/homegrid.thisfunctional.pt\/services\/wefi-building\/\">WEFI Building<\/a><\/li>\n<\/ul>\n<\/div><\/div>\n<\/div>\n<\/div>\n<\/div>\n<div class=\"kc-elm kc-css-4103713 kc_col-sm-9 kc_column kc_col-sm-9\">\n<div class=\"kc-col-container\">\n<div class=\"kc-elm kc-css-3495800 kc_text_block\">\n<div class=\"service\">\n<div class=\"row\">\n<div class=\"col-md-4 col-sm-6 col-x-12\">\n<div class=\"service-item center\">\n<div class=\"icon-box\">\n                     <span class=\"\"><\/span>\n                  <\/div>\n<h4><a href=\"https:\/\/homegrid.thisfunctional.pt\/services\/concecao-passive-house\/\">Conce\u00e7\u00e3o Passive House<\/a><\/h4>\n<p>WEFI Building Investiga\u00e7\u00e3o &#038; Desenvolvimento Forma\u00e7\u00e3o &#038; Eventos Certifica\u00e7\u00e3o Passive House Consultoria Passive House Conce\u00e7\u00e3o Passive House Planeamos e projectamos a sua Passive House! A &#8230;<\/p>\n<\/p>\n<\/div>\n<\/div>\n<div class=\"col-md-4 col-sm-6 col-x-12\">\n<div class=\"service-item center\">\n<div class=\"icon-box\">\n                     <span class=\"\"><\/span>\n                  <\/div>\n<h4><a href=\"https:\/\/homegrid.thisfunctional.pt\/services\/consultoria-passive-house\/\">Consultoria Passive House<\/a><\/h4>\n<p>WEFI Building Investiga\u00e7\u00e3o &#038; Desenvolvimento Forma\u00e7\u00e3o &#038; Eventos Certifica\u00e7\u00e3o Passive House Consultoria Passive House Conce\u00e7\u00e3o Passive House Transformamos o seu projeto numa Passive House! A &#8230;<\/p>\n<\/p>\n<\/div>\n<\/div>\n<div class=\"col-md-4 col-sm-6 col-x-12\">\n<div class=\"service-item center\">\n<div class=\"icon-box\">\n                     <span class=\"\"><\/span>\n                  <\/div>\n<h4><a href=\"https:\/\/homegrid.thisfunctional.pt\/services\/certificacao-passive-house\/\">Certifica\u00e7\u00e3o Passive House<\/a><\/h4>\n<p>WEFI Building Investiga\u00e7\u00e3o &#038; Desenvolvimento Forma\u00e7\u00e3o &#038; Eventos Certifica\u00e7\u00e3o Passive House Consultoria Passive House Conce\u00e7\u00e3o Passive House Realizamos a certifica\u00e7\u00e3o Passive House do seu edif\u00edcio! &#8230;<\/p>\n<\/p>\n<\/div>\n<\/div>\n<div class=\"col-md-4 col-sm-6 col-x-12\">\n<div class=\"service-item center\">\n<div class=\"icon-box\">\n                     <span class=\"\"><\/span>\n                  <\/div>\n<h4><a href=\"https:\/\/homegrid.thisfunctional.pt\/services\/formacao-eventos\/\">Forma\u00e7\u00e3o &#038; Eventos<\/a><\/h4>\n<p>WEFI Building Forma\u00e7\u00e3o &#038; Eventos Certifica\u00e7\u00e3o Passive House Consultoria Passive House Conce\u00e7\u00e3o Passive House<\/p>\n<\/p>\n<\/div>\n<\/div>\n<div class=\"col-md-4 col-sm-6 col-x-12\">\n<div class=\"service-item center\">\n<div class=\"icon-box\">\n                     <span class=\"\"><\/span>\n                  <\/div>\n<h4><a href=\"https:\/\/homegrid.thisfunctional.pt\/services\/wefi-building\/\">WEFI Building<\/a><\/h4>\n<p>WEFI Building Forma\u00e7\u00e3o &#038; Eventos Certifica\u00e7\u00e3o Passive House Consultoria Passive House Conce\u00e7\u00e3o Passive House Planeamos e projectamos a sua Passive House! O WEFI building \u00e9 &#8230;<\/p>\n<\/p>\n<\/div>\n<\/div>\n<\/div>\n<\/div>\n<\/div>\n<\/div>\n<\/div>\n<\/div>\n<\/div>\n<\/section>\n","protected":false},"excerpt":{"rendered":"<p>Conce\u00e7\u00e3o Passive House Consultoria Passive House Certifica\u00e7\u00e3o Passive House Forma\u00e7\u00e3o &#038; Eventos WEFI Building Conce\u00e7\u00e3o Passive House WEFI Building Investiga\u00e7\u00e3o &#038; Desenvolvimento Forma\u00e7\u00e3o &#038; Eventos Certifica\u00e7\u00e3o Passive House Consultoria Passive House Conce\u00e7\u00e3o Passive House Planeamos e projectamos a sua Passive House! A &#8230; Consultoria Passive House WEFI Building Investiga\u00e7\u00e3o &#038; Desenvolvimento Forma\u00e7\u00e3o &#038; Eventos Certifica\u00e7\u00e3o<\/p>\n","protected":false},"author":3,"featured_media":0,"parent":0,"menu_order":0,"comment_status":"closed","ping_status":"closed","template":"tpl-king_composer.php","meta":{"footnotes":""},"class_list":["post-936","page","type-page","status-publish","hentry"],"yoast_head":"<!-- This site is optimized with the Yoast SEO plugin v27.0 - https:\/\/yoast.com\/product\/yoast-seo-wordpress\/ -->\n<title>Servi\u00e7os - Homegrid<\/title>\n<meta name=\"robots\" content=\"index, follow, max-snippet:-1, max-image-preview:large, max-video-preview:-1\" \/>\n<link rel=\"canonical\" href=\"https:\/\/homegrid.pt\/en\/servicos\/\" \/>\n<meta property=\"og:locale\" content=\"en_US\" \/>\n<meta property=\"og:type\" content=\"article\" \/>\n<meta property=\"og:title\" content=\"Servi\u00e7os - Homegrid\" \/>\n<meta property=\"og:description\" content=\"Conce\u00e7\u00e3o Passive House Consultoria Passive House Certifica\u00e7\u00e3o Passive House Forma\u00e7\u00e3o &#038; Eventos WEFI Building Conce\u00e7\u00e3o Passive House WEFI Building Investiga\u00e7\u00e3o &#038; Desenvolvimento Forma\u00e7\u00e3o &#038; Eventos Certifica\u00e7\u00e3o Passive House Consultoria Passive House Conce\u00e7\u00e3o Passive House Planeamos e projectamos a sua Passive House! A &#8230; Consultoria Passive House WEFI Building Investiga\u00e7\u00e3o &#038; Desenvolvimento Forma\u00e7\u00e3o &#038; Eventos Certifica\u00e7\u00e3o\" \/>\n<meta property=\"og:url\" content=\"https:\/\/homegrid.pt\/en\/servicos\/\" \/>\n<meta property=\"og:site_name\" content=\"Homegrid\" \/>\n<meta property=\"article:publisher\" content=\"https:\/\/www.facebook.com\/homegrid.pt\/\" \/>\n<meta name=\"twitter:card\" content=\"summary_large_image\" \/>\n<meta name=\"twitter:site\" content=\"@Homegrid_pt\" \/>\n<meta name=\"twitter:label1\" content=\"Est. reading time\" \/>\n\t<meta name=\"twitter:data1\" content=\"1 minute\" \/>\n<script type=\"application\/ld+json\" class=\"yoast-schema-graph\">{\"@context\":\"https:\/\/schema.org\",\"@graph\":[{\"@type\":\"WebPage\",\"@id\":\"https:\/\/homegrid.pt\/en\/servicos\/\",\"url\":\"https:\/\/homegrid.pt\/en\/servicos\/\",\"name\":\"Servi\u00e7os - Homegrid\",\"isPartOf\":{\"@id\":\"https:\/\/homegrid.pt\/en\/#website\"},\"datePublished\":\"2017-04-27T07:06:58+00:00\",\"breadcrumb\":{\"@id\":\"https:\/\/homegrid.pt\/en\/servicos\/#breadcrumb\"},\"inLanguage\":\"en-US\",\"potentialAction\":[{\"@type\":\"ReadAction\",\"target\":[\"https:\/\/homegrid.pt\/en\/servicos\/\"]}]},{\"@type\":\"BreadcrumbList\",\"@id\":\"https:\/\/homegrid.pt\/en\/servicos\/#breadcrumb\",\"itemListElement\":[{\"@type\":\"ListItem\",\"position\":1,\"name\":\"In\u00edcio\",\"item\":\"https:\/\/homegrid.pt\/en\/\"},{\"@type\":\"ListItem\",\"position\":2,\"name\":\"Servi\u00e7os\"}]},{\"@type\":\"WebSite\",\"@id\":\"https:\/\/homegrid.pt\/en\/#website\",\"url\":\"https:\/\/homegrid.pt\/en\/\",\"name\":\"Homegrid\",\"description\":\"Vamos construir  o futuro que queremos!\",\"publisher\":{\"@id\":\"https:\/\/homegrid.pt\/en\/#organization\"},\"potentialAction\":[{\"@type\":\"SearchAction\",\"target\":{\"@type\":\"EntryPoint\",\"urlTemplate\":\"https:\/\/homegrid.pt\/en\/?s={search_term_string}\"},\"query-input\":{\"@type\":\"PropertyValueSpecification\",\"valueRequired\":true,\"valueName\":\"search_term_string\"}}],\"inLanguage\":\"en-US\"},{\"@type\":\"Organization\",\"@id\":\"https:\/\/homegrid.pt\/en\/#organization\",\"name\":\"Homegrid\",\"url\":\"https:\/\/homegrid.pt\/en\/\",\"logo\":{\"@type\":\"ImageObject\",\"inLanguage\":\"en-US\",\"@id\":\"https:\/\/homegrid.pt\/en\/#\/schema\/logo\/image\/\",\"url\":\"https:\/\/homegrid.pt\/wp-content\/uploads\/2021\/07\/logoHomegrid.png\",\"contentUrl\":\"https:\/\/homegrid.pt\/wp-content\/uploads\/2021\/07\/logoHomegrid.png\",\"width\":248,\"height\":45,\"caption\":\"Homegrid\"},\"image\":{\"@id\":\"https:\/\/homegrid.pt\/en\/#\/schema\/logo\/image\/\"},\"sameAs\":[\"https:\/\/www.facebook.com\/homegrid.pt\/\",\"https:\/\/x.com\/Homegrid_pt\"]}]}<\/script>\n<!-- \/ Yoast SEO plugin. -->","yoast_head_json":{"title":"Servi\u00e7os - Homegrid","robots":{"index":"index","follow":"follow","max-snippet":"max-snippet:-1","max-image-preview":"max-image-preview:large","max-video-preview":"max-video-preview:-1"},"canonical":"https:\/\/homegrid.pt\/en\/servicos\/","og_locale":"en_US","og_type":"article","og_title":"Servi\u00e7os - Homegrid","og_description":"Conce\u00e7\u00e3o Passive House Consultoria Passive House Certifica\u00e7\u00e3o Passive House Forma\u00e7\u00e3o &#038; Eventos WEFI Building Conce\u00e7\u00e3o Passive House WEFI Building Investiga\u00e7\u00e3o &#038; Desenvolvimento Forma\u00e7\u00e3o &#038; Eventos Certifica\u00e7\u00e3o Passive House Consultoria Passive House Conce\u00e7\u00e3o Passive House Planeamos e projectamos a sua Passive House! A &#8230; Consultoria Passive House WEFI Building Investiga\u00e7\u00e3o &#038; Desenvolvimento Forma\u00e7\u00e3o &#038; Eventos Certifica\u00e7\u00e3o","og_url":"https:\/\/homegrid.pt\/en\/servicos\/","og_site_name":"Homegrid","article_publisher":"https:\/\/www.facebook.com\/homegrid.pt\/","twitter_card":"summary_large_image","twitter_site":"@Homegrid_pt","twitter_misc":{"Est. reading time":"1 minute"},"schema":{"@context":"https:\/\/schema.org","@graph":[{"@type":"WebPage","@id":"https:\/\/homegrid.pt\/en\/servicos\/","url":"https:\/\/homegrid.pt\/en\/servicos\/","name":"Servi\u00e7os - Homegrid","isPartOf":{"@id":"https:\/\/homegrid.pt\/en\/#website"},"datePublished":"2017-04-27T07:06:58+00:00","breadcrumb":{"@id":"https:\/\/homegrid.pt\/en\/servicos\/#breadcrumb"},"inLanguage":"en-US","potentialAction":[{"@type":"ReadAction","target":["https:\/\/homegrid.pt\/en\/servicos\/"]}]},{"@type":"BreadcrumbList","@id":"https:\/\/homegrid.pt\/en\/servicos\/#breadcrumb","itemListElement":[{"@type":"ListItem","position":1,"name":"In\u00edcio","item":"https:\/\/homegrid.pt\/en\/"},{"@type":"ListItem","position":2,"name":"Servi\u00e7os"}]},{"@type":"WebSite","@id":"https:\/\/homegrid.pt\/en\/#website","url":"https:\/\/homegrid.pt\/en\/","name":"Homegrid","description":"Vamos construir  o futuro que queremos!","publisher":{"@id":"https:\/\/homegrid.pt\/en\/#organization"},"potentialAction":[{"@type":"SearchAction","target":{"@type":"EntryPoint","urlTemplate":"https:\/\/homegrid.pt\/en\/?s={search_term_string}"},"query-input":{"@type":"PropertyValueSpecification","valueRequired":true,"valueName":"search_term_string"}}],"inLanguage":"en-US"},{"@type":"Organization","@id":"https:\/\/homegrid.pt\/en\/#organization","name":"Homegrid","url":"https:\/\/homegrid.pt\/en\/","logo":{"@type":"ImageObject","inLanguage":"en-US","@id":"https:\/\/homegrid.pt\/en\/#\/schema\/logo\/image\/","url":"https:\/\/homegrid.pt\/wp-content\/uploads\/2021\/07\/logoHomegrid.png","contentUrl":"https:\/\/homegrid.pt\/wp-content\/uploads\/2021\/07\/logoHomegrid.png","width":248,"height":45,"caption":"Homegrid"},"image":{"@id":"https:\/\/homegrid.pt\/en\/#\/schema\/logo\/image\/"},"sameAs":["https:\/\/www.facebook.com\/homegrid.pt\/","https:\/\/x.com\/Homegrid_pt"]}]}},"_links":{"self":[{"href":"https:\/\/homegrid.pt\/en\/wp-json\/wp\/v2\/pages\/936","targetHints":{"allow":["GET"]}}],"collection":[{"href":"https:\/\/homegrid.pt\/en\/wp-json\/wp\/v2\/pages"}],"about":[{"href":"https:\/\/homegrid.pt\/en\/wp-json\/wp\/v2\/types\/page"}],"author":[{"embeddable":true,"href":"https:\/\/homegrid.pt\/en\/wp-json\/wp\/v2\/users\/3"}],"replies":[{"embeddable":true,"href":"https:\/\/homegrid.pt\/en\/wp-json\/wp\/v2\/comments?post=936"}],"version-history":[{"count":1,"href":"https:\/\/homegrid.pt\/en\/wp-json\/wp\/v2\/pages\/936\/revisions"}],"predecessor-version":[{"id":942,"href":"https:\/\/homegrid.pt\/en\/wp-json\/wp\/v2\/pages\/936\/revisions\/942"}],"wp:attachment":[{"href":"https:\/\/homegrid.pt\/en\/wp-json\/wp\/v2\/media?parent=936"}],"curies":[{"name":"wp","href":"https:\/\/api.w.org\/{rel}","templated":true}]}}